{"id":2,"date":"2013-03-09T03:25:25","date_gmt":"2013-03-09T02:25:25","guid":{"rendered":"http:\/\/rock-art2noise.eu\/?page_id=2"},"modified":"2014-09-16T11:45:46","modified_gmt":"2014-09-16T10:45:46","slug":"sample-page","status":"publish","type":"page","link":"https:\/\/rock-art2noise.eu\/","title":{"rendered":"Rock-Art2noise"},"content":{"rendered":"<p style=\"text-align: justify;\">Aux fronti\u00e8res entre l&rsquo;installation sonore et visuelle, l&rsquo;action painting et la musique mixte,\u00a0Rock-Art2noise convoque la transdisciplinarit\u00e9 en transposant le geste pictural en un flux sonore et musical.\u00a0L&rsquo;artiste peint sur un pare-brise pos\u00e9 \u00e0 l\u2019horizontal (sa toile). Le verre couche les \u00ab traces \u00bb visuelles et transmet\u00a0\u00e0 l&rsquo;ordinateur leurs ph\u00e9nom\u00e8nes sonores (taches), vou\u00e9s \u00e0 toutes les d\u00e9clinaisons possibles du traitement du signal audio num\u00e9rique.\u00a0Ce travail de composition \u00e9ph\u00e9m\u00e8re tend \u00e0 d\u00e9velopper une forme musicale \u00e0 partir d&rsquo;un geste non instrumental ex\u00e9cut\u00e9 et filtr\u00e9 en temps r\u00e9el avec Pure Data.<\/p>\n<p style=\"text-align: justify;\">On the borders between sound and visual installation, action painting and mixed music,\u00a0Rock-Art2noise convenes the transdisciplinary by transposing the pictorial gesture into a sound and musical flow.\u00a0The artist paints on a windscreen placing horizontally (her canvas). The glass receives the visual &lsquo;traces&rsquo; and transmits to the computer\u00a0their sound phenomenon (stains), dedicated to all the possible declenasions of the digital audio signal processing.\u00a0This work of ephemeral composition tries to develop a musical form from a non-instrumental gesture executed and filtered in real-time with Pure Data.<\/p>\n<p style=\"text-align: justify;\">\n<p style=\"text-align: center;\">All the artworks, concepts and contents of this Web page are licensed under a<br \/>\n<a href=\"http:\/\/creativecommons.org\/licenses\/by-nc-nd\/4.0\/\" rel=\"license\"><img decoding=\"async\" style=\"border-width: 0;\" src=\"https:\/\/i.creativecommons.org\/l\/by-nc-nd\/4.0\/88x31.png\" alt=\"Creative Commons License\" \/><\/a><a style=\"text-align: center;\"><br \/>\n<\/a><a href=\"http:\/\/creativecommons.org\/licenses\/by-nc-nd\/4.0\/\" rel=\"license\">Creative Commons Attribution-NonCommercial-NoDerivatives 4.0 International License<\/a><a style=\"text-align: center;\">.<\/a><\/p>\n<p>&nbsp;<\/p>\n","protected":false},"excerpt":{"rendered":"<p>Aux fronti\u00e8res entre l&rsquo;installation sonore et visuelle, l&rsquo;action painting et la musique mixte,\u00a0Rock-Art2noise convoque la transdisciplinarit\u00e9 en transposant le geste pictural en un flux sonore et musical.\u00a0L&rsquo;artiste peint sur un pare-brise pos\u00e9 \u00e0 l\u2019horizontal (sa toile). Le verre couche les \u00ab traces \u00bb visuelles et transmet\u00a0\u00e0 l&rsquo;ordinateur leurs ph\u00e9nom\u00e8nes sonores (taches), vou\u00e9s \u00e0 toutes les &hellip; <a href=\"https:\/\/rock-art2noise.eu\/\" class=\"more-link\">Continuer la lecture de <span class=\"screen-reader-text\">Rock-Art2noise<\/span> <span class=\"meta-nav\">&rarr;<\/span><\/a><\/p>\n","protected":false},"author":1,"featured_media":140,"parent":0,"menu_order":0,"comment_status":"closed","ping_status":"closed","template":"","meta":{"footnotes":""},"class_list":["post-2","page","type-page","status-publish","has-post-thumbnail","hentry"],"_links":{"self":[{"href":"https:\/\/rock-art2noise.eu\/index.php?rest_route=\/wp\/v2\/pages\/2","targetHints":{"allow":["GET"]}}],"collection":[{"href":"https:\/\/rock-art2noise.eu\/index.php?rest_route=\/wp\/v2\/pages"}],"about":[{"href":"https:\/\/rock-art2noise.eu\/index.php?rest_route=\/wp\/v2\/types\/page"}],"author":[{"embeddable":true,"href":"https:\/\/rock-art2noise.eu\/index.php?rest_route=\/wp\/v2\/users\/1"}],"replies":[{"embeddable":true,"href":"https:\/\/rock-art2noise.eu\/index.php?rest_route=%2Fwp%2Fv2%2Fcomments&post=2"}],"version-history":[{"count":9,"href":"https:\/\/rock-art2noise.eu\/index.php?rest_route=\/wp\/v2\/pages\/2\/revisions"}],"predecessor-version":[{"id":214,"href":"https:\/\/rock-art2noise.eu\/index.php?rest_route=\/wp\/v2\/pages\/2\/revisions\/214"}],"wp:featuredmedia":[{"embeddable":true,"href":"https:\/\/rock-art2noise.eu\/index.php?rest_route=\/wp\/v2\/media\/140"}],"wp:attachment":[{"href":"https:\/\/rock-art2noise.eu\/index.php?rest_route=%2Fwp%2Fv2%2Fmedia&parent=2"}],"curies":[{"name":"wp","href":"https:\/\/api.w.org\/{rel}","templated":true}]}}